{"id":6,"date":"2023-03-08T19:25:43","date_gmt":"2023-03-08T19:25:43","guid":{"rendered":"http:\/\/silviumarcu.ro\/blog\/?page_id=6"},"modified":"2023-10-26T18:19:40","modified_gmt":"2023-10-26T16:19:40","slug":"info","status":"publish","type":"page","link":"https:\/\/silviumarcu.ro\/blog\/info\/","title":{"rendered":"Info"},"content":{"rendered":"\n<p>De-a lungul carierei mele de software engineer, am fost fascinat s\u0103 \u00een\u021beleg ce anume diferen\u021biaz\u0103 un programator bun de unul mediocru.<\/p>\n\n\n\n<p>Ca \u0219i programator, este destul de u\u0219or s\u0103 ajung izolat \u00eentr-o bul\u0103 de autoevaluare, s\u0103 cred c\u0103 produc software de calitate, dar realitatea s\u0103 nu confirme acest statut.<\/p>\n\n\n\n<p>Prin materialele pe care \u021bi le propun, \u00eencerc s\u0103 descriu observa\u021biile mele de la firul ierbii, din produc\u021bia de software real\u0103, acolo unde dai des cu capul \u0219i doare. De acolo de unde \u00eenve\u021bi cel mai profund.<\/p>\n\n\n\n<p>Consider cititul ca fiind cel mai important mecanism de \u00eenv\u0103\u021bare. Am c\u0103utat s\u0103 extrag cele mai valoroase c\u0103r\u021bi despre programare, cele care au o valoare pe termen lung. Am creat o list\u0103 <a href=\"https:\/\/silviumarcu.ro\/blog\/training-plan-2\/\" data-type=\"link\" data-id=\"https:\/\/silviumarcu.ro\/blog\/training-plan-2\/\">aici<\/a>.<\/p>\n\n\n\n<p>Varianta englez\u0103 a articolelor: <a href=\"https:\/\/silviumarcu.substack.com\">https:\/\/silviumarcu.substack.com<\/a><\/p>\n\n\n\n<p>Podcast audio: <a href=\"https:\/\/podcasters.spotify.com\/pod\/show\/silviu-marcu\" data-type=\"link\" data-id=\"https:\/\/podcasters.spotify.com\/pod\/show\/silviu-marcu\">Spotify<\/a><\/p>\n\n\n\n<p>Youtube: <a href=\"https:\/\/www.youtube.com\/@silviumarcu-it\">https:\/\/www.youtube.com\/@silviumarcu-it<\/a><\/p>\n\n\n\n<p>Twitter: <a href=\"https:\/\/twitter.com\/silviumarcu_it\">@silviumarcu_it<\/a><\/p>\n\n\n\n<p><\/p>\n","protected":false},"excerpt":{"rendered":"<p>De-a lungul carierei mele de software engineer, am fost fascinat s\u0103 \u00een\u021beleg ce anume diferen\u021biaz\u0103 un programator bun de unul mediocru. Ca \u0219i programator, este destul de u\u0219or s\u0103 ajung izolat \u00eentr-o bul\u0103 de autoevaluare, s\u0103 cred c\u0103 produc software de calitate, dar realitatea s\u0103 nu confirme acest statut. Prin materialele pe care \u021bi le&#8230;<\/p>\n","protected":false},"author":1,"featured_media":0,"parent":0,"menu_order":0,"comment_status":"closed","ping_status":"closed","template":"","meta":{"_kad_post_transparent":"","_kad_post_title":"","_kad_post_layout":"","_kad_post_sidebar_id":"","_kad_post_content_style":"","_kad_post_vertical_padding":"","_kad_post_feature":"","_kad_post_feature_position":"","_kad_post_header":false,"_kad_post_footer":false,"_kad_post_classname":"","footnotes":""},"class_list":["post-6","page","type-page","status-publish","hentry"],"_links":{"self":[{"href":"https:\/\/silviumarcu.ro\/blog\/wp-json\/wp\/v2\/pages\/6","targetHints":{"allow":["GET"]}}],"collection":[{"href":"https:\/\/silviumarcu.ro\/blog\/wp-json\/wp\/v2\/pages"}],"about":[{"href":"https:\/\/silviumarcu.ro\/blog\/wp-json\/wp\/v2\/types\/page"}],"author":[{"embeddable":true,"href":"https:\/\/silviumarcu.ro\/blog\/wp-json\/wp\/v2\/users\/1"}],"replies":[{"embeddable":true,"href":"https:\/\/silviumarcu.ro\/blog\/wp-json\/wp\/v2\/comments?post=6"}],"version-history":[{"count":0,"href":"https:\/\/silviumarcu.ro\/blog\/wp-json\/wp\/v2\/pages\/6\/revisions"}],"wp:attachment":[{"href":"https:\/\/silviumarcu.ro\/blog\/wp-json\/wp\/v2\/media?parent=6"}],"curies":[{"name":"wp","href":"https:\/\/api.w.org\/{rel}","templated":true}]}}